{"id":5708,"date":"2025-05-12T15:50:42","date_gmt":"2025-05-12T15:50:42","guid":{"rendered":"https:\/\/richemont-gastro.ch\/?post_type=product&#038;p=5708"},"modified":"2025-06-30T12:37:35","modified_gmt":"2025-06-30T12:37:35","slug":"genuss-gutschein-versand","status":"publish","type":"product","link":"https:\/\/richemont-gastro.ch\/en\/produkt\/genuss-gutschein-versand\/","title":{"rendered":"Genuss-Gutschein (Versand)"},"content":{"rendered":"<p>Unser Genuss-Gutschein per Post ist das ideale Geschenk f\u00fcr Gourmets. Dieser Gutschein eignet sich perfekt f\u00fcr besondere Anl\u00e4sse wie Geburtstage, Jubil\u00e4en oder Feiertage. Der Gutschein kann in unserem Restaurantbereich eingel\u00f6st werden \u2013 f\u00fcr genussvolle Momente im Richemont-Ambiente.<\/p>\n","protected":false},"excerpt":{"rendered":"<p>Ein hochwertiger Genuss-Gutschein \u2013 per Post verschickt und sch\u00f6n verpackt.<\/p>\n","protected":false},"featured_media":5700,"template":"","meta":{"_acf_changed":false},"product_brand":[],"product_cat":[52],"product_tag":[],"class_list":{"0":"post-5708","1":"product","2":"type-product","3":"status-publish","4":"has-post-thumbnail","6":"product_cat-gutscheine","7":"product_shipping_class-gutschein-versand","9":"first","10":"instock","11":"taxable","12":"shipping-taxable","13":"purchasable","14":"product-type-simple"},"acf":[],"yoast_head":"<!-- This site is optimized with the Yoast SEO Premium plugin v26.8 (Yoast SEO v26.8) - https:\/\/yoast.com\/product\/yoast-seo-premium-wordpress\/ -->\n<title>Genuss-Gutschein (Versand) | Richemont Restaurant &amp; Hotel<\/title>\n<meta name=\"robots\" content=\"index, follow, max-snippet:-1, max-image-preview:large, max-video-preview:-1\" \/>\n<link rel=\"canonical\" href=\"https:\/\/richemont-gastro.ch\/en\/produkt\/genuss-gutschein-versand\/\" \/>\n<meta property=\"og:locale\" content=\"en_US\" \/>\n<meta property=\"og:type\" content=\"article\" \/>\n<meta property=\"og:title\" content=\"Genuss-Gutschein (Versand)\" \/>\n<meta property=\"og:description\" content=\"Ein hochwertiger Genuss-Gutschein \u2013 per Post verschickt und sch\u00f6n verpackt.\" \/>\n<meta property=\"og:url\" content=\"https:\/\/richemont-gastro.ch\/en\/produkt\/genuss-gutschein-versand\/\" \/>\n<meta property=\"og:site_name\" content=\"Richemont Restaurant &amp; Hotel\" \/>\n<meta property=\"article:modified_time\" content=\"2025-06-30T12:37:35+00:00\" \/>\n<meta property=\"og:image\" content=\"https:\/\/richemont-gastro.ch\/wp-content\/uploads\/2025\/05\/250512-gutschein-genuss.jpg\" \/>\n\t<meta property=\"og:image:width\" content=\"2048\" \/>\n\t<meta property=\"og:image:height\" content=\"1444\" \/>\n\t<meta property=\"og:image:type\" content=\"image\/jpeg\" \/>\n<meta name=\"twitter:card\" content=\"summary_large_image\" \/>\n<script type=\"application\/ld+json\" class=\"yoast-schema-graph\">{\"@context\":\"https:\/\/schema.org\",\"@graph\":[{\"@type\":\"WebPage\",\"@id\":\"https:\/\/richemont-gastro.ch\/en\/produkt\/genuss-gutschein-versand\/\",\"url\":\"https:\/\/richemont-gastro.ch\/en\/produkt\/genuss-gutschein-versand\/\",\"name\":\"Genuss-Gutschein (Versand) | Richemont Restaurant &amp; Hotel\",\"isPartOf\":{\"@id\":\"https:\/\/richemont-gastro.ch\/en\/#website\"},\"primaryImageOfPage\":{\"@id\":\"https:\/\/richemont-gastro.ch\/en\/produkt\/genuss-gutschein-versand\/#primaryimage\"},\"image\":{\"@id\":\"https:\/\/richemont-gastro.ch\/en\/produkt\/genuss-gutschein-versand\/#primaryimage\"},\"thumbnailUrl\":\"https:\/\/richemont-gastro.ch\/wp-content\/uploads\/2025\/05\/250512-gutschein-genuss.jpg\",\"datePublished\":\"2025-05-12T15:50:42+00:00\",\"dateModified\":\"2025-06-30T12:37:35+00:00\",\"breadcrumb\":{\"@id\":\"https:\/\/richemont-gastro.ch\/en\/produkt\/genuss-gutschein-versand\/#breadcrumb\"},\"inLanguage\":\"en-US\",\"potentialAction\":[{\"@type\":\"ReadAction\",\"target\":[\"https:\/\/richemont-gastro.ch\/en\/produkt\/genuss-gutschein-versand\/\"]}]},{\"@type\":\"ImageObject\",\"inLanguage\":\"en-US\",\"@id\":\"https:\/\/richemont-gastro.ch\/en\/produkt\/genuss-gutschein-versand\/#primaryimage\",\"url\":\"https:\/\/richemont-gastro.ch\/wp-content\/uploads\/2025\/05\/250512-gutschein-genuss.jpg\",\"contentUrl\":\"https:\/\/richemont-gastro.ch\/wp-content\/uploads\/2025\/05\/250512-gutschein-genuss.jpg\",\"width\":2048,\"height\":1444,\"caption\":\"Genuss-Gutschein\"},{\"@type\":\"BreadcrumbList\",\"@id\":\"https:\/\/richemont-gastro.ch\/en\/produkt\/genuss-gutschein-versand\/#breadcrumb\",\"itemListElement\":[{\"@type\":\"ListItem\",\"position\":1,\"name\":\"Home\",\"item\":\"https:\/\/richemont-gastro.ch\/en\/\"},{\"@type\":\"ListItem\",\"position\":2,\"name\":\"Shop\",\"item\":\"https:\/\/richemont-gastro.ch\/shop\/\"},{\"@type\":\"ListItem\",\"position\":3,\"name\":\"Genuss-Gutschein (Versand)\"}]},{\"@type\":\"WebSite\",\"@id\":\"https:\/\/richemont-gastro.ch\/en\/#website\",\"url\":\"https:\/\/richemont-gastro.ch\/en\/\",\"name\":\"Richemont Restaurant &amp; Hotel\",\"description\":\"\",\"potentialAction\":[{\"@type\":\"SearchAction\",\"target\":{\"@type\":\"EntryPoint\",\"urlTemplate\":\"https:\/\/richemont-gastro.ch\/en\/?s={search_term_string}\"},\"query-input\":{\"@type\":\"PropertyValueSpecification\",\"valueRequired\":true,\"valueName\":\"search_term_string\"}}],\"inLanguage\":\"en-US\"}]}<\/script>\n<!-- \/ Yoast SEO Premium plugin. -->","yoast_head_json":{"title":"Genuss-Gutschein (Versand) | Richemont Restaurant &amp; Hotel","robots":{"index":"index","follow":"follow","max-snippet":"max-snippet:-1","max-image-preview":"max-image-preview:large","max-video-preview":"max-video-preview:-1"},"canonical":"https:\/\/richemont-gastro.ch\/en\/produkt\/genuss-gutschein-versand\/","og_locale":"en_US","og_type":"article","og_title":"Genuss-Gutschein (Versand)","og_description":"Ein hochwertiger Genuss-Gutschein \u2013 per Post verschickt und sch\u00f6n verpackt.","og_url":"https:\/\/richemont-gastro.ch\/en\/produkt\/genuss-gutschein-versand\/","og_site_name":"Richemont Restaurant &amp; Hotel","article_modified_time":"2025-06-30T12:37:35+00:00","og_image":[{"width":2048,"height":1444,"url":"https:\/\/richemont-gastro.ch\/wp-content\/uploads\/2025\/05\/250512-gutschein-genuss.jpg","type":"image\/jpeg"}],"twitter_card":"summary_large_image","schema":{"@context":"https:\/\/schema.org","@graph":[{"@type":"WebPage","@id":"https:\/\/richemont-gastro.ch\/en\/produkt\/genuss-gutschein-versand\/","url":"https:\/\/richemont-gastro.ch\/en\/produkt\/genuss-gutschein-versand\/","name":"Genuss-Gutschein (Versand) | Richemont Restaurant &amp; Hotel","isPartOf":{"@id":"https:\/\/richemont-gastro.ch\/en\/#website"},"primaryImageOfPage":{"@id":"https:\/\/richemont-gastro.ch\/en\/produkt\/genuss-gutschein-versand\/#primaryimage"},"image":{"@id":"https:\/\/richemont-gastro.ch\/en\/produkt\/genuss-gutschein-versand\/#primaryimage"},"thumbnailUrl":"https:\/\/richemont-gastro.ch\/wp-content\/uploads\/2025\/05\/250512-gutschein-genuss.jpg","datePublished":"2025-05-12T15:50:42+00:00","dateModified":"2025-06-30T12:37:35+00:00","breadcrumb":{"@id":"https:\/\/richemont-gastro.ch\/en\/produkt\/genuss-gutschein-versand\/#breadcrumb"},"inLanguage":"en-US","potentialAction":[{"@type":"ReadAction","target":["https:\/\/richemont-gastro.ch\/en\/produkt\/genuss-gutschein-versand\/"]}]},{"@type":"ImageObject","inLanguage":"en-US","@id":"https:\/\/richemont-gastro.ch\/en\/produkt\/genuss-gutschein-versand\/#primaryimage","url":"https:\/\/richemont-gastro.ch\/wp-content\/uploads\/2025\/05\/250512-gutschein-genuss.jpg","contentUrl":"https:\/\/richemont-gastro.ch\/wp-content\/uploads\/2025\/05\/250512-gutschein-genuss.jpg","width":2048,"height":1444,"caption":"Genuss-Gutschein"},{"@type":"BreadcrumbList","@id":"https:\/\/richemont-gastro.ch\/en\/produkt\/genuss-gutschein-versand\/#breadcrumb","itemListElement":[{"@type":"ListItem","position":1,"name":"Home","item":"https:\/\/richemont-gastro.ch\/en\/"},{"@type":"ListItem","position":2,"name":"Shop","item":"https:\/\/richemont-gastro.ch\/shop\/"},{"@type":"ListItem","position":3,"name":"Genuss-Gutschein (Versand)"}]},{"@type":"WebSite","@id":"https:\/\/richemont-gastro.ch\/en\/#website","url":"https:\/\/richemont-gastro.ch\/en\/","name":"Richemont Restaurant &amp; Hotel","description":"","potentialAction":[{"@type":"SearchAction","target":{"@type":"EntryPoint","urlTemplate":"https:\/\/richemont-gastro.ch\/en\/?s={search_term_string}"},"query-input":{"@type":"PropertyValueSpecification","valueRequired":true,"valueName":"search_term_string"}}],"inLanguage":"en-US"}]}},"_links":{"self":[{"href":"https:\/\/richemont-gastro.ch\/en\/wp-json\/wp\/v2\/product\/5708","targetHints":{"allow":["GET"]}}],"collection":[{"href":"https:\/\/richemont-gastro.ch\/en\/wp-json\/wp\/v2\/product"}],"about":[{"href":"https:\/\/richemont-gastro.ch\/en\/wp-json\/wp\/v2\/types\/product"}],"wp:featuredmedia":[{"embeddable":true,"href":"https:\/\/richemont-gastro.ch\/en\/wp-json\/wp\/v2\/media\/5700"}],"wp:attachment":[{"href":"https:\/\/richemont-gastro.ch\/en\/wp-json\/wp\/v2\/media?parent=5708"}],"wp:term":[{"taxonomy":"product_brand","embeddable":true,"href":"https:\/\/richemont-gastro.ch\/en\/wp-json\/wp\/v2\/product_brand?post=5708"},{"taxonomy":"product_cat","embeddable":true,"href":"https:\/\/richemont-gastro.ch\/en\/wp-json\/wp\/v2\/product_cat?post=5708"},{"taxonomy":"product_tag","embeddable":true,"href":"https:\/\/richemont-gastro.ch\/en\/wp-json\/wp\/v2\/product_tag?post=5708"}],"curies":[{"name":"wp","href":"https:\/\/api.w.org\/{rel}","templated":true}]}}