{"id":5746,"date":"2025-05-14T19:35:41","date_gmt":"2025-05-14T19:35:41","guid":{"rendered":"https:\/\/richemont-gastro.ch\/?post_type=product&#038;p=5746"},"modified":"2025-07-11T07:27:42","modified_gmt":"2025-07-11T07:27:42","slug":"zmorge-gutschein-digital","status":"publish","type":"product","link":"https:\/\/richemont-gastro.ch\/en\/produkt\/zmorge-gutschein-digital\/","title":{"rendered":"Zmorge-Gutschein (Digital)"},"content":{"rendered":"<p>Der digitale B\u00e4ckerzmorge-Gutschein ist das perfekte Geschenk f\u00fcr Fr\u00fchst\u00fccksliebhaber. Verschenken Sie einen entspannten Morgen mit frisch gebr\u00fchtem Kaffee, feinen Backwaren, direkt aus der B\u00e4ckerfachschule und herzhaften Leckereien im Richemont. Der Gutschein wird sofort per E-Mail versendet und kann einfach zuhause ausgedruckt oder weitergeleitet werden.<\/p>\n","protected":false},"excerpt":{"rendered":"<p>Ein gem\u00fctlicher Start in den Tag \u2013 als Gutschein direkt per Mail.<\/p>\n","protected":false},"featured_media":5702,"template":"","meta":{"_acf_changed":false},"product_brand":[],"product_cat":[52],"product_tag":[],"class_list":{"0":"post-5746","1":"product","2":"type-product","3":"status-publish","4":"has-post-thumbnail","6":"product_cat-gutscheine","7":"product_shipping_class-gutschein-digital","9":"first","10":"instock","11":"virtual","12":"taxable","13":"purchasable","14":"product-type-simple"},"acf":[],"yoast_head":"<!-- This site is optimized with the Yoast SEO Premium plugin v26.8 (Yoast SEO v26.8) - https:\/\/yoast.com\/product\/yoast-seo-premium-wordpress\/ -->\n<title>Zmorge-Gutschein (Digital) | Richemont Restaurant &amp; Hotel<\/title>\n<meta name=\"robots\" content=\"index, follow, max-snippet:-1, max-image-preview:large, max-video-preview:-1\" \/>\n<link rel=\"canonical\" href=\"https:\/\/richemont-gastro.ch\/en\/produkt\/zmorge-gutschein-digital\/\" \/>\n<meta property=\"og:locale\" content=\"en_US\" \/>\n<meta property=\"og:type\" content=\"article\" \/>\n<meta property=\"og:title\" content=\"Zmorge-Gutschein (Digital)\" \/>\n<meta property=\"og:description\" content=\"Ein gem\u00fctlicher Start in den Tag \u2013 als Gutschein direkt per Mail.\" \/>\n<meta property=\"og:url\" content=\"https:\/\/richemont-gastro.ch\/en\/produkt\/zmorge-gutschein-digital\/\" \/>\n<meta property=\"og:site_name\" content=\"Richemont Restaurant &amp; Hotel\" \/>\n<meta property=\"article:modified_time\" content=\"2025-07-11T07:27:42+00:00\" \/>\n<meta property=\"og:image\" content=\"https:\/\/richemont-gastro.ch\/wp-content\/uploads\/2025\/05\/250512-gutschein-zmorge.jpg\" \/>\n\t<meta property=\"og:image:width\" content=\"2048\" \/>\n\t<meta property=\"og:image:height\" content=\"1335\" \/>\n\t<meta property=\"og:image:type\" content=\"image\/jpeg\" \/>\n<meta name=\"twitter:card\" content=\"summary_large_image\" \/>\n<script type=\"application\/ld+json\" class=\"yoast-schema-graph\">{\"@context\":\"https:\/\/schema.org\",\"@graph\":[{\"@type\":\"WebPage\",\"@id\":\"https:\/\/richemont-gastro.ch\/en\/produkt\/zmorge-gutschein-digital\/\",\"url\":\"https:\/\/richemont-gastro.ch\/en\/produkt\/zmorge-gutschein-digital\/\",\"name\":\"Zmorge-Gutschein (Digital) | Richemont Restaurant &amp; Hotel\",\"isPartOf\":{\"@id\":\"https:\/\/richemont-gastro.ch\/en\/#website\"},\"primaryImageOfPage\":{\"@id\":\"https:\/\/richemont-gastro.ch\/en\/produkt\/zmorge-gutschein-digital\/#primaryimage\"},\"image\":{\"@id\":\"https:\/\/richemont-gastro.ch\/en\/produkt\/zmorge-gutschein-digital\/#primaryimage\"},\"thumbnailUrl\":\"https:\/\/richemont-gastro.ch\/wp-content\/uploads\/2025\/05\/250512-gutschein-zmorge.jpg\",\"datePublished\":\"2025-05-14T19:35:41+00:00\",\"dateModified\":\"2025-07-11T07:27:42+00:00\",\"breadcrumb\":{\"@id\":\"https:\/\/richemont-gastro.ch\/en\/produkt\/zmorge-gutschein-digital\/#breadcrumb\"},\"inLanguage\":\"en-US\",\"potentialAction\":[{\"@type\":\"ReadAction\",\"target\":[\"https:\/\/richemont-gastro.ch\/en\/produkt\/zmorge-gutschein-digital\/\"]}]},{\"@type\":\"ImageObject\",\"inLanguage\":\"en-US\",\"@id\":\"https:\/\/richemont-gastro.ch\/en\/produkt\/zmorge-gutschein-digital\/#primaryimage\",\"url\":\"https:\/\/richemont-gastro.ch\/wp-content\/uploads\/2025\/05\/250512-gutschein-zmorge.jpg\",\"contentUrl\":\"https:\/\/richemont-gastro.ch\/wp-content\/uploads\/2025\/05\/250512-gutschein-zmorge.jpg\",\"width\":2048,\"height\":1335},{\"@type\":\"BreadcrumbList\",\"@id\":\"https:\/\/richemont-gastro.ch\/en\/produkt\/zmorge-gutschein-digital\/#breadcrumb\",\"itemListElement\":[{\"@type\":\"ListItem\",\"position\":1,\"name\":\"Home\",\"item\":\"https:\/\/richemont-gastro.ch\/en\/\"},{\"@type\":\"ListItem\",\"position\":2,\"name\":\"Shop\",\"item\":\"https:\/\/richemont-gastro.ch\/shop\/\"},{\"@type\":\"ListItem\",\"position\":3,\"name\":\"Zmorge-Gutschein (Digital)\"}]},{\"@type\":\"WebSite\",\"@id\":\"https:\/\/richemont-gastro.ch\/en\/#website\",\"url\":\"https:\/\/richemont-gastro.ch\/en\/\",\"name\":\"Richemont Restaurant &amp; Hotel\",\"description\":\"\",\"potentialAction\":[{\"@type\":\"SearchAction\",\"target\":{\"@type\":\"EntryPoint\",\"urlTemplate\":\"https:\/\/richemont-gastro.ch\/en\/?s={search_term_string}\"},\"query-input\":{\"@type\":\"PropertyValueSpecification\",\"valueRequired\":true,\"valueName\":\"search_term_string\"}}],\"inLanguage\":\"en-US\"}]}<\/script>\n<!-- \/ Yoast SEO Premium plugin. -->","yoast_head_json":{"title":"Zmorge-Gutschein (Digital) | Richemont Restaurant &amp; Hotel","robots":{"index":"index","follow":"follow","max-snippet":"max-snippet:-1","max-image-preview":"max-image-preview:large","max-video-preview":"max-video-preview:-1"},"canonical":"https:\/\/richemont-gastro.ch\/en\/produkt\/zmorge-gutschein-digital\/","og_locale":"en_US","og_type":"article","og_title":"Zmorge-Gutschein (Digital)","og_description":"Ein gem\u00fctlicher Start in den Tag \u2013 als Gutschein direkt per Mail.","og_url":"https:\/\/richemont-gastro.ch\/en\/produkt\/zmorge-gutschein-digital\/","og_site_name":"Richemont Restaurant &amp; Hotel","article_modified_time":"2025-07-11T07:27:42+00:00","og_image":[{"width":2048,"height":1335,"url":"https:\/\/richemont-gastro.ch\/wp-content\/uploads\/2025\/05\/250512-gutschein-zmorge.jpg","type":"image\/jpeg"}],"twitter_card":"summary_large_image","schema":{"@context":"https:\/\/schema.org","@graph":[{"@type":"WebPage","@id":"https:\/\/richemont-gastro.ch\/en\/produkt\/zmorge-gutschein-digital\/","url":"https:\/\/richemont-gastro.ch\/en\/produkt\/zmorge-gutschein-digital\/","name":"Zmorge-Gutschein (Digital) | Richemont Restaurant &amp; Hotel","isPartOf":{"@id":"https:\/\/richemont-gastro.ch\/en\/#website"},"primaryImageOfPage":{"@id":"https:\/\/richemont-gastro.ch\/en\/produkt\/zmorge-gutschein-digital\/#primaryimage"},"image":{"@id":"https:\/\/richemont-gastro.ch\/en\/produkt\/zmorge-gutschein-digital\/#primaryimage"},"thumbnailUrl":"https:\/\/richemont-gastro.ch\/wp-content\/uploads\/2025\/05\/250512-gutschein-zmorge.jpg","datePublished":"2025-05-14T19:35:41+00:00","dateModified":"2025-07-11T07:27:42+00:00","breadcrumb":{"@id":"https:\/\/richemont-gastro.ch\/en\/produkt\/zmorge-gutschein-digital\/#breadcrumb"},"inLanguage":"en-US","potentialAction":[{"@type":"ReadAction","target":["https:\/\/richemont-gastro.ch\/en\/produkt\/zmorge-gutschein-digital\/"]}]},{"@type":"ImageObject","inLanguage":"en-US","@id":"https:\/\/richemont-gastro.ch\/en\/produkt\/zmorge-gutschein-digital\/#primaryimage","url":"https:\/\/richemont-gastro.ch\/wp-content\/uploads\/2025\/05\/250512-gutschein-zmorge.jpg","contentUrl":"https:\/\/richemont-gastro.ch\/wp-content\/uploads\/2025\/05\/250512-gutschein-zmorge.jpg","width":2048,"height":1335},{"@type":"BreadcrumbList","@id":"https:\/\/richemont-gastro.ch\/en\/produkt\/zmorge-gutschein-digital\/#breadcrumb","itemListElement":[{"@type":"ListItem","position":1,"name":"Home","item":"https:\/\/richemont-gastro.ch\/en\/"},{"@type":"ListItem","position":2,"name":"Shop","item":"https:\/\/richemont-gastro.ch\/shop\/"},{"@type":"ListItem","position":3,"name":"Zmorge-Gutschein (Digital)"}]},{"@type":"WebSite","@id":"https:\/\/richemont-gastro.ch\/en\/#website","url":"https:\/\/richemont-gastro.ch\/en\/","name":"Richemont Restaurant &amp; Hotel","description":"","potentialAction":[{"@type":"SearchAction","target":{"@type":"EntryPoint","urlTemplate":"https:\/\/richemont-gastro.ch\/en\/?s={search_term_string}"},"query-input":{"@type":"PropertyValueSpecification","valueRequired":true,"valueName":"search_term_string"}}],"inLanguage":"en-US"}]}},"_links":{"self":[{"href":"https:\/\/richemont-gastro.ch\/en\/wp-json\/wp\/v2\/product\/5746","targetHints":{"allow":["GET"]}}],"collection":[{"href":"https:\/\/richemont-gastro.ch\/en\/wp-json\/wp\/v2\/product"}],"about":[{"href":"https:\/\/richemont-gastro.ch\/en\/wp-json\/wp\/v2\/types\/product"}],"wp:featuredmedia":[{"embeddable":true,"href":"https:\/\/richemont-gastro.ch\/en\/wp-json\/wp\/v2\/media\/5702"}],"wp:attachment":[{"href":"https:\/\/richemont-gastro.ch\/en\/wp-json\/wp\/v2\/media?parent=5746"}],"wp:term":[{"taxonomy":"product_brand","embeddable":true,"href":"https:\/\/richemont-gastro.ch\/en\/wp-json\/wp\/v2\/product_brand?post=5746"},{"taxonomy":"product_cat","embeddable":true,"href":"https:\/\/richemont-gastro.ch\/en\/wp-json\/wp\/v2\/product_cat?post=5746"},{"taxonomy":"product_tag","embeddable":true,"href":"https:\/\/richemont-gastro.ch\/en\/wp-json\/wp\/v2\/product_tag?post=5746"}],"curies":[{"name":"wp","href":"https:\/\/api.w.org\/{rel}","templated":true}]}}