{"id":5772,"date":"2025-05-14T21:11:03","date_gmt":"2025-05-14T21:11:03","guid":{"rendered":"https:\/\/richemont-gastro.ch\/?post_type=product&#038;p=5772"},"modified":"2025-07-11T07:23:59","modified_gmt":"2025-07-11T07:23:59","slug":"zmorge-gutschein-versand","status":"publish","type":"product","link":"https:\/\/richemont-gastro.ch\/en\/produkt\/zmorge-gutschein-versand\/","title":{"rendered":"Zmorge-Gutschein (Versand)"},"content":{"rendered":"<p>Mit dem B\u00e4ckerzmorge-Gutschein per Post bereiten Sie Freude auf den ersten Blick. Der Gutschein eignet sich perfekt f\u00fcr alle, die gerne gem\u00fctlich in den Tag starten. Ob zum Geburtstag oder einfach so \u2013 der Gutschein wird per Post an Sie oder direkt an die beschenkte Person versendet.<\/p>\n","protected":false},"excerpt":{"rendered":"<p>Verschenken Sie eine genussvollen Start in den Tag \u2013 als gedruckter Gutschein per Post.<\/p>\n","protected":false},"featured_media":5702,"template":"","meta":{"_acf_changed":false},"product_brand":[],"product_cat":[52],"product_tag":[],"class_list":{"0":"post-5772","1":"product","2":"type-product","3":"status-publish","4":"has-post-thumbnail","6":"product_cat-gutscheine","7":"product_shipping_class-gutschein-versand","9":"first","10":"instock","11":"taxable","12":"shipping-taxable","13":"purchasable","14":"product-type-simple"},"acf":[],"yoast_head":"<!-- This site is optimized with the Yoast SEO Premium plugin v26.8 (Yoast SEO v26.8) - https:\/\/yoast.com\/product\/yoast-seo-premium-wordpress\/ -->\n<title>Zmorge-Gutschein (Versand) | Richemont Restaurant &amp; Hotel<\/title>\n<meta name=\"robots\" content=\"index, follow, max-snippet:-1, max-image-preview:large, max-video-preview:-1\" \/>\n<link rel=\"canonical\" href=\"https:\/\/richemont-gastro.ch\/en\/produkt\/zmorge-gutschein-versand\/\" \/>\n<meta property=\"og:locale\" content=\"en_US\" \/>\n<meta property=\"og:type\" content=\"article\" \/>\n<meta property=\"og:title\" content=\"Zmorge-Gutschein (Versand)\" \/>\n<meta property=\"og:description\" content=\"Verschenken Sie eine genussvollen Start in den Tag \u2013 als gedruckter Gutschein per Post.\" \/>\n<meta property=\"og:url\" content=\"https:\/\/richemont-gastro.ch\/en\/produkt\/zmorge-gutschein-versand\/\" \/>\n<meta property=\"og:site_name\" content=\"Richemont Restaurant &amp; Hotel\" \/>\n<meta property=\"article:modified_time\" content=\"2025-07-11T07:23:59+00:00\" \/>\n<meta property=\"og:image\" content=\"https:\/\/richemont-gastro.ch\/wp-content\/uploads\/2025\/05\/250512-gutschein-zmorge.jpg\" \/>\n\t<meta property=\"og:image:width\" content=\"2048\" \/>\n\t<meta property=\"og:image:height\" content=\"1335\" \/>\n\t<meta property=\"og:image:type\" content=\"image\/jpeg\" \/>\n<meta name=\"twitter:card\" content=\"summary_large_image\" \/>\n<script type=\"application\/ld+json\" class=\"yoast-schema-graph\">{\"@context\":\"https:\/\/schema.org\",\"@graph\":[{\"@type\":\"WebPage\",\"@id\":\"https:\/\/richemont-gastro.ch\/en\/produkt\/zmorge-gutschein-versand\/\",\"url\":\"https:\/\/richemont-gastro.ch\/en\/produkt\/zmorge-gutschein-versand\/\",\"name\":\"Zmorge-Gutschein (Versand) | Richemont Restaurant &amp; Hotel\",\"isPartOf\":{\"@id\":\"https:\/\/richemont-gastro.ch\/en\/#website\"},\"primaryImageOfPage\":{\"@id\":\"https:\/\/richemont-gastro.ch\/en\/produkt\/zmorge-gutschein-versand\/#primaryimage\"},\"image\":{\"@id\":\"https:\/\/richemont-gastro.ch\/en\/produkt\/zmorge-gutschein-versand\/#primaryimage\"},\"thumbnailUrl\":\"https:\/\/richemont-gastro.ch\/wp-content\/uploads\/2025\/05\/250512-gutschein-zmorge.jpg\",\"datePublished\":\"2025-05-14T21:11:03+00:00\",\"dateModified\":\"2025-07-11T07:23:59+00:00\",\"breadcrumb\":{\"@id\":\"https:\/\/richemont-gastro.ch\/en\/produkt\/zmorge-gutschein-versand\/#breadcrumb\"},\"inLanguage\":\"en-US\",\"potentialAction\":[{\"@type\":\"ReadAction\",\"target\":[\"https:\/\/richemont-gastro.ch\/en\/produkt\/zmorge-gutschein-versand\/\"]}]},{\"@type\":\"ImageObject\",\"inLanguage\":\"en-US\",\"@id\":\"https:\/\/richemont-gastro.ch\/en\/produkt\/zmorge-gutschein-versand\/#primaryimage\",\"url\":\"https:\/\/richemont-gastro.ch\/wp-content\/uploads\/2025\/05\/250512-gutschein-zmorge.jpg\",\"contentUrl\":\"https:\/\/richemont-gastro.ch\/wp-content\/uploads\/2025\/05\/250512-gutschein-zmorge.jpg\",\"width\":2048,\"height\":1335},{\"@type\":\"BreadcrumbList\",\"@id\":\"https:\/\/richemont-gastro.ch\/en\/produkt\/zmorge-gutschein-versand\/#breadcrumb\",\"itemListElement\":[{\"@type\":\"ListItem\",\"position\":1,\"name\":\"Home\",\"item\":\"https:\/\/richemont-gastro.ch\/en\/\"},{\"@type\":\"ListItem\",\"position\":2,\"name\":\"Shop\",\"item\":\"https:\/\/richemont-gastro.ch\/shop\/\"},{\"@type\":\"ListItem\",\"position\":3,\"name\":\"Zmorge-Gutschein (Versand)\"}]},{\"@type\":\"WebSite\",\"@id\":\"https:\/\/richemont-gastro.ch\/en\/#website\",\"url\":\"https:\/\/richemont-gastro.ch\/en\/\",\"name\":\"Richemont Restaurant &amp; Hotel\",\"description\":\"\",\"potentialAction\":[{\"@type\":\"SearchAction\",\"target\":{\"@type\":\"EntryPoint\",\"urlTemplate\":\"https:\/\/richemont-gastro.ch\/en\/?s={search_term_string}\"},\"query-input\":{\"@type\":\"PropertyValueSpecification\",\"valueRequired\":true,\"valueName\":\"search_term_string\"}}],\"inLanguage\":\"en-US\"}]}<\/script>\n<!-- \/ Yoast SEO Premium plugin. -->","yoast_head_json":{"title":"Zmorge-Gutschein (Versand) | Richemont Restaurant &amp; Hotel","robots":{"index":"index","follow":"follow","max-snippet":"max-snippet:-1","max-image-preview":"max-image-preview:large","max-video-preview":"max-video-preview:-1"},"canonical":"https:\/\/richemont-gastro.ch\/en\/produkt\/zmorge-gutschein-versand\/","og_locale":"en_US","og_type":"article","og_title":"Zmorge-Gutschein (Versand)","og_description":"Verschenken Sie eine genussvollen Start in den Tag \u2013 als gedruckter Gutschein per Post.","og_url":"https:\/\/richemont-gastro.ch\/en\/produkt\/zmorge-gutschein-versand\/","og_site_name":"Richemont Restaurant &amp; Hotel","article_modified_time":"2025-07-11T07:23:59+00:00","og_image":[{"width":2048,"height":1335,"url":"https:\/\/richemont-gastro.ch\/wp-content\/uploads\/2025\/05\/250512-gutschein-zmorge.jpg","type":"image\/jpeg"}],"twitter_card":"summary_large_image","schema":{"@context":"https:\/\/schema.org","@graph":[{"@type":"WebPage","@id":"https:\/\/richemont-gastro.ch\/en\/produkt\/zmorge-gutschein-versand\/","url":"https:\/\/richemont-gastro.ch\/en\/produkt\/zmorge-gutschein-versand\/","name":"Zmorge-Gutschein (Versand) | Richemont Restaurant &amp; Hotel","isPartOf":{"@id":"https:\/\/richemont-gastro.ch\/en\/#website"},"primaryImageOfPage":{"@id":"https:\/\/richemont-gastro.ch\/en\/produkt\/zmorge-gutschein-versand\/#primaryimage"},"image":{"@id":"https:\/\/richemont-gastro.ch\/en\/produkt\/zmorge-gutschein-versand\/#primaryimage"},"thumbnailUrl":"https:\/\/richemont-gastro.ch\/wp-content\/uploads\/2025\/05\/250512-gutschein-zmorge.jpg","datePublished":"2025-05-14T21:11:03+00:00","dateModified":"2025-07-11T07:23:59+00:00","breadcrumb":{"@id":"https:\/\/richemont-gastro.ch\/en\/produkt\/zmorge-gutschein-versand\/#breadcrumb"},"inLanguage":"en-US","potentialAction":[{"@type":"ReadAction","target":["https:\/\/richemont-gastro.ch\/en\/produkt\/zmorge-gutschein-versand\/"]}]},{"@type":"ImageObject","inLanguage":"en-US","@id":"https:\/\/richemont-gastro.ch\/en\/produkt\/zmorge-gutschein-versand\/#primaryimage","url":"https:\/\/richemont-gastro.ch\/wp-content\/uploads\/2025\/05\/250512-gutschein-zmorge.jpg","contentUrl":"https:\/\/richemont-gastro.ch\/wp-content\/uploads\/2025\/05\/250512-gutschein-zmorge.jpg","width":2048,"height":1335},{"@type":"BreadcrumbList","@id":"https:\/\/richemont-gastro.ch\/en\/produkt\/zmorge-gutschein-versand\/#breadcrumb","itemListElement":[{"@type":"ListItem","position":1,"name":"Home","item":"https:\/\/richemont-gastro.ch\/en\/"},{"@type":"ListItem","position":2,"name":"Shop","item":"https:\/\/richemont-gastro.ch\/shop\/"},{"@type":"ListItem","position":3,"name":"Zmorge-Gutschein (Versand)"}]},{"@type":"WebSite","@id":"https:\/\/richemont-gastro.ch\/en\/#website","url":"https:\/\/richemont-gastro.ch\/en\/","name":"Richemont Restaurant &amp; Hotel","description":"","potentialAction":[{"@type":"SearchAction","target":{"@type":"EntryPoint","urlTemplate":"https:\/\/richemont-gastro.ch\/en\/?s={search_term_string}"},"query-input":{"@type":"PropertyValueSpecification","valueRequired":true,"valueName":"search_term_string"}}],"inLanguage":"en-US"}]}},"_links":{"self":[{"href":"https:\/\/richemont-gastro.ch\/en\/wp-json\/wp\/v2\/product\/5772","targetHints":{"allow":["GET"]}}],"collection":[{"href":"https:\/\/richemont-gastro.ch\/en\/wp-json\/wp\/v2\/product"}],"about":[{"href":"https:\/\/richemont-gastro.ch\/en\/wp-json\/wp\/v2\/types\/product"}],"wp:featuredmedia":[{"embeddable":true,"href":"https:\/\/richemont-gastro.ch\/en\/wp-json\/wp\/v2\/media\/5702"}],"wp:attachment":[{"href":"https:\/\/richemont-gastro.ch\/en\/wp-json\/wp\/v2\/media?parent=5772"}],"wp:term":[{"taxonomy":"product_brand","embeddable":true,"href":"https:\/\/richemont-gastro.ch\/en\/wp-json\/wp\/v2\/product_brand?post=5772"},{"taxonomy":"product_cat","embeddable":true,"href":"https:\/\/richemont-gastro.ch\/en\/wp-json\/wp\/v2\/product_cat?post=5772"},{"taxonomy":"product_tag","embeddable":true,"href":"https:\/\/richemont-gastro.ch\/en\/wp-json\/wp\/v2\/product_tag?post=5772"}],"curies":[{"name":"wp","href":"https:\/\/api.w.org\/{rel}","templated":true}]}}